{"id":242,"date":"2023-11-07T22:01:21","date_gmt":"2023-11-07T22:01:21","guid":{"rendered":"https:\/\/www.kinderkrippezaubergarten.ch\/?page_id=242"},"modified":"2026-03-18T17:07:14","modified_gmt":"2026-03-18T17:07:14","slug":"termine","status":"publish","type":"page","link":"https:\/\/www.kinderkrippezaubergarten.ch\/?page_id=242","title":{"rendered":"Termine"},"content":{"rendered":"\t\t<div data-elementor-type=\"wp-page\" data-elementor-id=\"242\" class=\"elementor elementor-242\" data-elementor-post-type=\"page\">\n\t\t\t\t<div class=\"elementor-element elementor-element-01d9fd3 e-flex e-con-boxed e-con e-parent\" data-id=\"01d9fd3\" data-element_type=\"container\">\n\t\t\t\t\t<div class=\"e-con-inner\">\n\t\t\t\t<div class=\"elementor-element elementor-element-862d446 elementor-invisible elementor-widget elementor-widget-heading\" data-id=\"862d446\" data-element_type=\"widget\" data-settings=\"{&quot;_animation&quot;:&quot;fadeIn&quot;}\" data-widget_type=\"heading.default\">\n\t\t\t\t<div class=\"elementor-widget-container\">\n\t\t\t\t\t<h2 class=\"elementor-heading-title elementor-size-default\">Feiertage und Betriebsferien 2025<\/h2>\t\t\t\t<\/div>\n\t\t\t\t<\/div>\n\t\t\t\t\t<\/div>\n\t\t\t\t<\/div>\n\t\t<div class=\"elementor-element elementor-element-009668a e-flex e-con-boxed e-con e-parent\" data-id=\"009668a\" data-element_type=\"container\">\n\t\t\t\t\t<div class=\"e-con-inner\">\n\t\t\t\t<div class=\"elementor-element elementor-element-a3f4103 elementor-invisible elementor-widget elementor-widget-text-editor\" data-id=\"a3f4103\" data-element_type=\"widget\" data-settings=\"{&quot;_animation&quot;:&quot;fadeIn&quot;}\" data-widget_type=\"text-editor.default\">\n\t\t\t\t<div class=\"elementor-widget-container\">\n\t\t\t\t\t\t\t\t\t<p><span style=\"text-align: var(--text-align);\">Karfreitag 03.04.2025<\/span><\/p><p><span style=\"text-align: var(--text-align);\">Ostermontag 06.04.2025<\/span><\/p><p><span style=\"text-align: var(--text-align);\">Auffahrt 14.05.2025<\/span><\/p><p><span style=\"text-align: var(--text-align);\">Br\u00fcckentag 15.05.2025<\/span><\/p><p><span style=\"text-align: var(--text-align);\">Pfingstmontag 25.05.2025<\/span><\/p><p>Nationalfeiertag 01.08.2026<\/p><p>Weihnachten 24.12.2025-01.01.2026<\/p>\t\t\t\t\t\t\t\t<\/div>\n\t\t\t\t<\/div>\n\t\t\t\t\t<\/div>\n\t\t\t\t<\/div>\n\t\t<div class=\"elementor-element elementor-element-8a62b65 e-flex e-con-boxed e-con e-parent\" data-id=\"8a62b65\" data-element_type=\"container\">\n\t\t\t\t\t<div class=\"e-con-inner\">\n\t\t\t\t<div class=\"elementor-element elementor-element-1606847 elementor-invisible elementor-widget elementor-widget-heading\" data-id=\"1606847\" data-element_type=\"widget\" data-settings=\"{&quot;_animation&quot;:&quot;fadeIn&quot;}\" data-widget_type=\"heading.default\">\n\t\t\t\t<div class=\"elementor-widget-container\">\n\t\t\t\t\t<h2 class=\"elementor-heading-title elementor-size-default\">Sonstige Anl\u00e4sse f\u00fcr Eltern <\/h2>\t\t\t\t<\/div>\n\t\t\t\t<\/div>\n\t\t\t\t\t<\/div>\n\t\t\t\t<\/div>\n\t\t<div class=\"elementor-element elementor-element-dfc0703 e-flex e-con-boxed e-con e-parent\" data-id=\"dfc0703\" data-element_type=\"container\">\n\t\t\t\t\t<div class=\"e-con-inner\">\n\t\t\t\t<div class=\"elementor-element elementor-element-bffb1fe elementor-invisible elementor-widget elementor-widget-text-editor\" data-id=\"bffb1fe\" data-element_type=\"widget\" data-settings=\"{&quot;_animation&quot;:&quot;fadeIn&quot;}\" data-widget_type=\"text-editor.default\">\n\t\t\t\t<div class=\"elementor-widget-container\">\n\t\t\t\t\t\t\t\t\t<p>Eltern Brunch<\/p><p>Sommerfest<\/p><p>R\u00e4beliechtli<\/p>\t\t\t\t\t\t\t\t<\/div>\n\t\t\t\t<\/div>\n\t\t\t\t\t<\/div>\n\t\t\t\t<\/div>\n\t\t\t\t<\/div>\n\t\t","protected":false},"excerpt":{"rendered":"<p>Feiertage und Betriebsferien 2025 Karfreitag 03.04.2025 Ostermontag 06.04.2025 Auffahrt 14.05.2025 Br\u00fcckentag 15.05.2025 Pfingstmontag 25.05.2025 Nationalfeiertag 01.08.2026 Weihnachten 24.12.2025-01.01.2026 Sonstige Anl\u00e4sse f\u00fcr Eltern Eltern Brunch Sommerfest R\u00e4beliechtli<\/p>\n","protected":false},"author":1,"featured_media":332,"parent":0,"menu_order":0,"comment_status":"closed","ping_status":"closed","template":"","meta":{"footnotes":""},"class_list":["post-242","page","type-page","status-publish","has-post-thumbnail","hentry"],"_links":{"self":[{"href":"https:\/\/www.kinderkrippezaubergarten.ch\/index.php?rest_route=\/wp\/v2\/pages\/242","targetHints":{"allow":["GET"]}}],"collection":[{"href":"https:\/\/www.kinderkrippezaubergarten.ch\/index.php?rest_route=\/wp\/v2\/pages"}],"about":[{"href":"https:\/\/www.kinderkrippezaubergarten.ch\/index.php?rest_route=\/wp\/v2\/types\/page"}],"author":[{"embeddable":true,"href":"https:\/\/www.kinderkrippezaubergarten.ch\/index.php?rest_route=\/wp\/v2\/users\/1"}],"replies":[{"embeddable":true,"href":"https:\/\/www.kinderkrippezaubergarten.ch\/index.php?rest_route=%2Fwp%2Fv2%2Fcomments&post=242"}],"version-history":[{"count":22,"href":"https:\/\/www.kinderkrippezaubergarten.ch\/index.php?rest_route=\/wp\/v2\/pages\/242\/revisions"}],"predecessor-version":[{"id":1123,"href":"https:\/\/www.kinderkrippezaubergarten.ch\/index.php?rest_route=\/wp\/v2\/pages\/242\/revisions\/1123"}],"wp:featuredmedia":[{"embeddable":true,"href":"https:\/\/www.kinderkrippezaubergarten.ch\/index.php?rest_route=\/wp\/v2\/media\/332"}],"wp:attachment":[{"href":"https:\/\/www.kinderkrippezaubergarten.ch\/index.php?rest_route=%2Fwp%2Fv2%2Fmedia&parent=242"}],"curies":[{"name":"wp","href":"https:\/\/api.w.org\/{rel}","templated":true}]}}