{"id":473,"date":"2023-11-14T22:59:56","date_gmt":"2023-11-14T22:59:56","guid":{"rendered":"https:\/\/www.kinderkrippezaubergarten.ch\/?page_id=473"},"modified":"2025-11-25T15:57:51","modified_gmt":"2025-11-25T15:57:51","slug":"team-zaubergarten","status":"publish","type":"page","link":"https:\/\/www.kinderkrippezaubergarten.ch\/?page_id=473","title":{"rendered":"Team Zaubergarten"},"content":{"rendered":"\t\t<div data-elementor-type=\"wp-page\" data-elementor-id=\"473\" class=\"elementor elementor-473\" data-elementor-post-type=\"page\">\n\t\t\t\t<div class=\"elementor-element elementor-element-55f3a5d e-con-full e-flex elementor-invisible e-con e-parent\" data-id=\"55f3a5d\" data-element_type=\"container\" data-settings=\"{&quot;animation&quot;:&quot;fadeIn&quot;}\">\n\t\t\t\t<div class=\"elementor-element elementor-element-a49bbd4 elementor-widget elementor-widget-text-editor\" data-id=\"a49bbd4\" data-element_type=\"widget\" data-widget_type=\"text-editor.default\">\n\t\t\t\t<div class=\"elementor-widget-container\">\n\t\t\t\t\t\t\t\t\t<p>Die Leitung besteht aus Edisa und Luana.<\/p><p>Im Zaubergarten gibt es zwei gemischte Kindergruppen im Alter von 3 Monaten bis Ende des Kindergartenalters.<\/p><p>Gruppe Zwerge und Zauberer.<\/p>\t\t\t\t\t\t\t\t<\/div>\n\t\t\t\t<\/div>\n\t\t\t\t<\/div>\n\t\t<div class=\"elementor-element elementor-element-871abb2 e-grid e-con-boxed e-con e-parent\" data-id=\"871abb2\" data-element_type=\"container\">\n\t\t\t\t\t<div class=\"e-con-inner\">\n\t\t\t\t<div class=\"elementor-element elementor-element-e472903 elementor-widget elementor-widget-image\" data-id=\"e472903\" data-element_type=\"widget\" data-widget_type=\"image.default\">\n\t\t\t\t<div class=\"elementor-widget-container\">\n\t\t\t\t\t\t\t\t\t\t\t\t<figure class=\"wp-caption\">\n\t\t\t\t\t\t\t\t\t\t<img fetchpriority=\"high\" decoding=\"async\" width=\"558\" height=\"558\" src=\"https:\/\/www.kinderkrippezaubergarten.ch\/wp-content\/uploads\/2023\/11\/1faf8757-13df-4704-88fd-aef613bcd8e1.jpg\" class=\"attachment-large size-large wp-image-768\" alt=\"\" srcset=\"https:\/\/www.kinderkrippezaubergarten.ch\/wp-content\/uploads\/2023\/11\/1faf8757-13df-4704-88fd-aef613bcd8e1.jpg 558w, https:\/\/www.kinderkrippezaubergarten.ch\/wp-content\/uploads\/2023\/11\/1faf8757-13df-4704-88fd-aef613bcd8e1-300x300.jpg 300w, https:\/\/www.kinderkrippezaubergarten.ch\/wp-content\/uploads\/2023\/11\/1faf8757-13df-4704-88fd-aef613bcd8e1-150x150.jpg 150w, https:\/\/www.kinderkrippezaubergarten.ch\/wp-content\/uploads\/2023\/11\/1faf8757-13df-4704-88fd-aef613bcd8e1-500x500.jpg 500w, https:\/\/www.kinderkrippezaubergarten.ch\/wp-content\/uploads\/2023\/11\/1faf8757-13df-4704-88fd-aef613bcd8e1-250x250.jpg 250w\" sizes=\"(max-width: 558px) 100vw, 558px\" \/>\t\t\t\t\t\t\t\t\t\t\t<figcaption class=\"widget-image-caption wp-caption-text\">Edisa<\/figcaption>\n\t\t\t\t\t\t\t\t\t\t<\/figure>\n\t\t\t\t\t\t\t\t\t<\/div>\n\t\t\t\t<\/div>\n\t\t\t\t<div class=\"elementor-element elementor-element-9b523d1 elementor-widget elementor-widget-image\" data-id=\"9b523d1\" data-element_type=\"widget\" data-widget_type=\"image.default\">\n\t\t\t\t<div class=\"elementor-widget-container\">\n\t\t\t\t\t\t\t\t\t\t\t\t<figure class=\"wp-caption\">\n\t\t\t\t\t\t\t\t\t\t<img decoding=\"async\" width=\"500\" height=\"500\" src=\"https:\/\/www.kinderkrippezaubergarten.ch\/wp-content\/uploads\/2025\/02\/thumbnail_image1-500x500.jpg\" class=\"attachment-post-thumbnail size-post-thumbnail wp-image-978\" alt=\"\" srcset=\"https:\/\/www.kinderkrippezaubergarten.ch\/wp-content\/uploads\/2025\/02\/thumbnail_image1-500x500.jpg 500w, https:\/\/www.kinderkrippezaubergarten.ch\/wp-content\/uploads\/2025\/02\/thumbnail_image1-150x150.jpg 150w, https:\/\/www.kinderkrippezaubergarten.ch\/wp-content\/uploads\/2025\/02\/thumbnail_image1-250x250.jpg 250w\" sizes=\"(max-width: 500px) 100vw, 500px\" \/>\t\t\t\t\t\t\t\t\t\t\t<figcaption class=\"widget-image-caption wp-caption-text\">Luana<\/figcaption>\n\t\t\t\t\t\t\t\t\t\t<\/figure>\n\t\t\t\t\t\t\t\t\t<\/div>\n\t\t\t\t<\/div>\n\t\t\t\t\t<\/div>\n\t\t\t\t<\/div>\n\t\t<div class=\"elementor-element elementor-element-e8b46fd e-flex e-con-boxed e-con e-parent\" data-id=\"e8b46fd\" data-element_type=\"container\">\n\t\t\t\t\t<div class=\"e-con-inner\">\n\t\t\t\t<div class=\"elementor-element elementor-element-57d4fac elementor-invisible elementor-widget elementor-widget-heading\" data-id=\"57d4fac\" data-element_type=\"widget\" data-settings=\"{&quot;_animation&quot;:&quot;fadeIn&quot;}\" data-widget_type=\"heading.default\">\n\t\t\t\t<div class=\"elementor-widget-container\">\n\t\t\t\t\t<h2 class=\"elementor-heading-title elementor-size-default\">Team Zauberer<\/h2>\t\t\t\t<\/div>\n\t\t\t\t<\/div>\n\t\t\t\t\t<\/div>\n\t\t\t\t<\/div>\n\t\t<div class=\"elementor-element elementor-element-23b766d e-con-full e-flex elementor-invisible e-con e-parent\" data-id=\"23b766d\" data-element_type=\"container\" data-settings=\"{&quot;animation&quot;:&quot;fadeIn&quot;}\">\n\t\t<div class=\"elementor-element elementor-element-40966a7 e-con-full e-flex e-con e-child\" data-id=\"40966a7\" data-element_type=\"container\">\n\t\t\t\t<div class=\"elementor-element elementor-element-8b7be82 elementor-widget elementor-widget-image\" data-id=\"8b7be82\" data-element_type=\"widget\" data-widget_type=\"image.default\">\n\t\t\t\t<div class=\"elementor-widget-container\">\n\t\t\t\t\t\t\t\t\t\t\t\t<figure class=\"wp-caption\">\n\t\t\t\t\t\t\t\t\t\t<img decoding=\"async\" width=\"250\" height=\"250\" src=\"https:\/\/www.kinderkrippezaubergarten.ch\/wp-content\/uploads\/2025\/08\/Yanik-250x250.jpg\" class=\"attachment-kiducation-team size-kiducation-team wp-image-1076\" alt=\"\" srcset=\"https:\/\/www.kinderkrippezaubergarten.ch\/wp-content\/uploads\/2025\/08\/Yanik-250x250.jpg 250w, https:\/\/www.kinderkrippezaubergarten.ch\/wp-content\/uploads\/2025\/08\/Yanik-150x150.jpg 150w, https:\/\/www.kinderkrippezaubergarten.ch\/wp-content\/uploads\/2025\/08\/Yanik-500x500.jpg 500w\" sizes=\"(max-width: 250px) 100vw, 250px\" \/>\t\t\t\t\t\t\t\t\t\t\t<figcaption class=\"widget-image-caption wp-caption-text\">Yanik<\/figcaption>\n\t\t\t\t\t\t\t\t\t\t<\/figure>\n\t\t\t\t\t\t\t\t\t<\/div>\n\t\t\t\t<\/div>\n\t\t\t\t<\/div>\n\t\t<div class=\"elementor-element elementor-element-301e88a e-con-full e-flex e-con e-child\" data-id=\"301e88a\" data-element_type=\"container\">\n\t\t\t\t<div class=\"elementor-element elementor-element-97dd71b elementor-invisible elementor-widget elementor-widget-image\" data-id=\"97dd71b\" data-element_type=\"widget\" data-settings=\"{&quot;_animation&quot;:&quot;fadeIn&quot;}\" data-widget_type=\"image.default\">\n\t\t\t\t<div class=\"elementor-widget-container\">\n\t\t\t\t\t\t\t\t\t\t\t\t<figure class=\"wp-caption\">\n\t\t\t\t\t\t\t\t\t\t<img loading=\"lazy\" decoding=\"async\" width=\"500\" height=\"500\" src=\"https:\/\/www.kinderkrippezaubergarten.ch\/wp-content\/uploads\/2023\/11\/Silas.png\" class=\"attachment-large size-large wp-image-448\" alt=\"\" srcset=\"https:\/\/www.kinderkrippezaubergarten.ch\/wp-content\/uploads\/2023\/11\/Silas.png 500w, https:\/\/www.kinderkrippezaubergarten.ch\/wp-content\/uploads\/2023\/11\/Silas-300x300.png 300w, https:\/\/www.kinderkrippezaubergarten.ch\/wp-content\/uploads\/2023\/11\/Silas-150x150.png 150w, https:\/\/www.kinderkrippezaubergarten.ch\/wp-content\/uploads\/2023\/11\/Silas-250x250.png 250w\" sizes=\"(max-width: 500px) 100vw, 500px\" \/>\t\t\t\t\t\t\t\t\t\t\t<figcaption class=\"widget-image-caption wp-caption-text\">Silas<\/figcaption>\n\t\t\t\t\t\t\t\t\t\t<\/figure>\n\t\t\t\t\t\t\t\t\t<\/div>\n\t\t\t\t<\/div>\n\t\t\t\t<\/div>\n\t\t<div class=\"elementor-element elementor-element-171adac e-con-full e-flex e-con e-child\" data-id=\"171adac\" data-element_type=\"container\">\n\t\t\t\t<\/div>\n\t\t<div class=\"elementor-element elementor-element-42c714c e-con-full e-flex e-con e-child\" data-id=\"42c714c\" data-element_type=\"container\">\n\t\t\t\t<\/div>\n\t\t<div class=\"elementor-element elementor-element-82922da e-con-full e-flex e-con e-child\" data-id=\"82922da\" data-element_type=\"container\">\n\t\t\t\t<\/div>\n\t\t<div class=\"elementor-element elementor-element-77b61b6 e-con-full e-flex e-con e-child\" data-id=\"77b61b6\" data-element_type=\"container\">\n\t\t\t\t<\/div>\n\t\t\t\t<\/div>\n\t\t<div class=\"elementor-element elementor-element-a814607 e-flex e-con-boxed e-con e-parent\" data-id=\"a814607\" data-element_type=\"container\">\n\t\t\t\t\t<div class=\"e-con-inner\">\n\t\t\t\t<div class=\"elementor-element elementor-element-17841b6 elementor-invisible elementor-widget elementor-widget-text-editor\" data-id=\"17841b6\" data-element_type=\"widget\" data-settings=\"{&quot;_animation&quot;:&quot;fadeIn&quot;}\" data-widget_type=\"text-editor.default\">\n\t\t\t\t<div class=\"elementor-widget-container\">\n\t\t\t\t\t\t\t\t\t<p>Yanik ist der Gruppenleiter, und Silas ist Auszubildender im 3. Lehrjahr.<\/p>\t\t\t\t\t\t\t\t<\/div>\n\t\t\t\t<\/div>\n\t\t\t\t\t<\/div>\n\t\t\t\t<\/div>\n\t\t<div class=\"elementor-element elementor-element-8f76da5 e-flex e-con-boxed e-con e-parent\" data-id=\"8f76da5\" data-element_type=\"container\">\n\t\t\t\t\t<div class=\"e-con-inner\">\n\t\t\t\t<div class=\"elementor-element elementor-element-620018e elementor-invisible elementor-widget elementor-widget-heading\" data-id=\"620018e\" data-element_type=\"widget\" data-settings=\"{&quot;_animation&quot;:&quot;fadeIn&quot;}\" data-widget_type=\"heading.default\">\n\t\t\t\t<div class=\"elementor-widget-container\">\n\t\t\t\t\t<h2 class=\"elementor-heading-title elementor-size-default\">Team Zwerge<\/h2>\t\t\t\t<\/div>\n\t\t\t\t<\/div>\n\t\t\t\t\t<\/div>\n\t\t\t\t<\/div>\n\t\t<div class=\"elementor-element elementor-element-3278e60 e-flex e-con-boxed e-con e-parent\" data-id=\"3278e60\" data-element_type=\"container\">\n\t\t\t\t\t<div class=\"e-con-inner\">\n\t\t<div class=\"elementor-element elementor-element-01fe2d2 e-con-full e-flex e-con e-child\" data-id=\"01fe2d2\" data-element_type=\"container\">\n\t\t\t\t<div class=\"elementor-element elementor-element-ad2f935 elementor-invisible elementor-widget elementor-widget-image\" data-id=\"ad2f935\" data-element_type=\"widget\" data-settings=\"{&quot;_animation&quot;:&quot;fadeIn&quot;}\" data-widget_type=\"image.default\">\n\t\t\t\t<div class=\"elementor-widget-container\">\n\t\t\t\t\t\t\t\t\t\t\t\t<figure class=\"wp-caption\">\n\t\t\t\t\t\t\t\t\t\t<img loading=\"lazy\" decoding=\"async\" width=\"500\" height=\"500\" src=\"https:\/\/www.kinderkrippezaubergarten.ch\/wp-content\/uploads\/2023\/11\/Drilona.png\" class=\"attachment-large size-large wp-image-453\" alt=\"\" srcset=\"https:\/\/www.kinderkrippezaubergarten.ch\/wp-content\/uploads\/2023\/11\/Drilona.png 500w, https:\/\/www.kinderkrippezaubergarten.ch\/wp-content\/uploads\/2023\/11\/Drilona-300x300.png 300w, https:\/\/www.kinderkrippezaubergarten.ch\/wp-content\/uploads\/2023\/11\/Drilona-150x150.png 150w, https:\/\/www.kinderkrippezaubergarten.ch\/wp-content\/uploads\/2023\/11\/Drilona-250x250.png 250w\" sizes=\"(max-width: 500px) 100vw, 500px\" \/>\t\t\t\t\t\t\t\t\t\t\t<figcaption class=\"widget-image-caption wp-caption-text\">Drilona<\/figcaption>\n\t\t\t\t\t\t\t\t\t\t<\/figure>\n\t\t\t\t\t\t\t\t\t<\/div>\n\t\t\t\t<\/div>\n\t\t\t\t<\/div>\n\t\t<div class=\"elementor-element elementor-element-f702498 e-con-full e-flex e-con e-child\" data-id=\"f702498\" data-element_type=\"container\">\n\t\t\t\t<div class=\"elementor-element elementor-element-6d321fd elementor-widget elementor-widget-image\" data-id=\"6d321fd\" data-element_type=\"widget\" data-widget_type=\"image.default\">\n\t\t\t\t<div class=\"elementor-widget-container\">\n\t\t\t\t\t\t\t\t\t\t\t\t<figure class=\"wp-caption\">\n\t\t\t\t\t\t\t\t\t\t<img loading=\"lazy\" decoding=\"async\" width=\"500\" height=\"500\" src=\"https:\/\/www.kinderkrippezaubergarten.ch\/wp-content\/uploads\/2023\/11\/Kincsoe-2.png\" class=\"attachment-large size-large wp-image-449\" alt=\"\" srcset=\"https:\/\/www.kinderkrippezaubergarten.ch\/wp-content\/uploads\/2023\/11\/Kincsoe-2.png 500w, https:\/\/www.kinderkrippezaubergarten.ch\/wp-content\/uploads\/2023\/11\/Kincsoe-2-300x300.png 300w, https:\/\/www.kinderkrippezaubergarten.ch\/wp-content\/uploads\/2023\/11\/Kincsoe-2-150x150.png 150w, https:\/\/www.kinderkrippezaubergarten.ch\/wp-content\/uploads\/2023\/11\/Kincsoe-2-250x250.png 250w\" sizes=\"(max-width: 500px) 100vw, 500px\" \/>\t\t\t\t\t\t\t\t\t\t\t<figcaption class=\"widget-image-caption wp-caption-text\">Kinsc\u00f6<\/figcaption>\n\t\t\t\t\t\t\t\t\t\t<\/figure>\n\t\t\t\t\t\t\t\t\t<\/div>\n\t\t\t\t<\/div>\n\t\t\t\t<\/div>\n\t\t<div class=\"elementor-element elementor-element-0e2c5df e-con-full e-flex e-con e-child\" data-id=\"0e2c5df\" data-element_type=\"container\">\n\t\t\t\t<div class=\"elementor-element elementor-element-abcfce9 elementor-widget elementor-widget-image\" data-id=\"abcfce9\" data-element_type=\"widget\" data-widget_type=\"image.default\">\n\t\t\t\t<div class=\"elementor-widget-container\">\n\t\t\t\t\t\t\t\t\t\t\t\t<figure class=\"wp-caption\">\n\t\t\t\t\t\t\t\t\t\t<img loading=\"lazy\" decoding=\"async\" width=\"250\" height=\"250\" src=\"https:\/\/www.kinderkrippezaubergarten.ch\/wp-content\/uploads\/2025\/08\/Anesa-250x250.jpg\" class=\"attachment-kiducation-team size-kiducation-team wp-image-1072\" alt=\"\" srcset=\"https:\/\/www.kinderkrippezaubergarten.ch\/wp-content\/uploads\/2025\/08\/Anesa-250x250.jpg 250w, https:\/\/www.kinderkrippezaubergarten.ch\/wp-content\/uploads\/2025\/08\/Anesa-150x150.jpg 150w, https:\/\/www.kinderkrippezaubergarten.ch\/wp-content\/uploads\/2025\/08\/Anesa-500x500.jpg 500w\" sizes=\"(max-width: 250px) 100vw, 250px\" \/>\t\t\t\t\t\t\t\t\t\t\t<figcaption class=\"widget-image-caption wp-caption-text\">Anesa<\/figcaption>\n\t\t\t\t\t\t\t\t\t\t<\/figure>\n\t\t\t\t\t\t\t\t\t<\/div>\n\t\t\t\t<\/div>\n\t\t\t\t<\/div>\n\t\t<div class=\"elementor-element elementor-element-6b53412 e-con-full e-flex e-con e-child\" data-id=\"6b53412\" data-element_type=\"container\">\n\t\t\t\t<\/div>\n\t\t<div class=\"elementor-element elementor-element-a315b18 e-con-full e-flex e-con e-child\" data-id=\"a315b18\" data-element_type=\"container\">\n\t\t\t\t<\/div>\n\t\t<div class=\"elementor-element elementor-element-f56d307 e-con-full e-flex e-con e-child\" data-id=\"f56d307\" data-element_type=\"container\">\n\t\t\t\t<\/div>\n\t\t\t\t\t<\/div>\n\t\t\t\t<\/div>\n\t\t<div class=\"elementor-element elementor-element-9ccdc6c e-flex e-con-boxed e-con e-parent\" data-id=\"9ccdc6c\" data-element_type=\"container\">\n\t\t\t\t\t<div class=\"e-con-inner\">\n\t\t\t\t<div class=\"elementor-element elementor-element-08dd0bf elementor-invisible elementor-widget elementor-widget-text-editor\" data-id=\"08dd0bf\" data-element_type=\"widget\" data-settings=\"{&quot;_animation&quot;:&quot;fadeIn&quot;}\" data-widget_type=\"text-editor.default\">\n\t\t\t\t<div class=\"elementor-widget-container\">\n\t\t\t\t\t\t\t\t\t<p>Drilona ist die Gruppenleiterin, Kinsc\u00f6 ist Auszubildende im 2. Lehrjahr und Anesa macht das Praktikum.<\/p>\t\t\t\t\t\t\t\t<\/div>\n\t\t\t\t<\/div>\n\t\t\t\t\t<\/div>\n\t\t\t\t<\/div>\n\t\t<div class=\"elementor-element elementor-element-8aefcc2 e-flex e-con-boxed e-con e-parent\" data-id=\"8aefcc2\" data-element_type=\"container\">\n\t\t\t\t\t<div class=\"e-con-inner\">\n\t\t\t\t<div class=\"elementor-element elementor-element-606b80c elementor-invisible elementor-widget elementor-widget-image\" data-id=\"606b80c\" data-element_type=\"widget\" data-settings=\"{&quot;_animation&quot;:&quot;fadeIn&quot;}\" data-widget_type=\"image.default\">\n\t\t\t\t<div class=\"elementor-widget-container\">\n\t\t\t\t\t\t\t\t\t\t\t\t\t\t\t<img loading=\"lazy\" decoding=\"async\" width=\"300\" height=\"300\" src=\"https:\/\/www.kinderkrippezaubergarten.ch\/wp-content\/uploads\/2023\/11\/Guisi-300x300.png\" class=\"attachment-medium size-medium wp-image-799\" alt=\"\" srcset=\"https:\/\/www.kinderkrippezaubergarten.ch\/wp-content\/uploads\/2023\/11\/Guisi-300x300.png 300w, https:\/\/www.kinderkrippezaubergarten.ch\/wp-content\/uploads\/2023\/11\/Guisi-150x150.png 150w, https:\/\/www.kinderkrippezaubergarten.ch\/wp-content\/uploads\/2023\/11\/Guisi-250x250.png 250w, https:\/\/www.kinderkrippezaubergarten.ch\/wp-content\/uploads\/2023\/11\/Guisi.png 500w\" sizes=\"(max-width: 300px) 100vw, 300px\" \/>\t\t\t\t\t\t\t\t\t\t\t\t\t\t\t<\/div>\n\t\t\t\t<\/div>\n\t\t\t\t\t<\/div>\n\t\t\t\t<\/div>\n\t\t<div class=\"elementor-element elementor-element-a054890 e-flex e-con-boxed e-con e-parent\" data-id=\"a054890\" data-element_type=\"container\">\n\t\t\t\t\t<div class=\"e-con-inner\">\n\t\t\t\t<div class=\"elementor-element elementor-element-e05a5f4 elementor-invisible elementor-widget elementor-widget-text-editor\" data-id=\"e05a5f4\" data-element_type=\"widget\" data-settings=\"{&quot;_animation&quot;:&quot;fadeIn&quot;}\" data-widget_type=\"text-editor.default\">\n\t\t\t\t<div class=\"elementor-widget-container\">\n\t\t\t\t\t\t\t\t\t<p>&nbsp; &nbsp; &nbsp; &nbsp; &nbsp; &nbsp; &nbsp; &nbsp; &nbsp; &nbsp; &nbsp; &nbsp; &nbsp; &nbsp; &nbsp; &nbsp; &nbsp; &nbsp; &nbsp; Unser Gesch\u00e4ftsf\u00fchrer Giusi&nbsp;unterst\u00fctzt uns und ist unser Mann f\u00fcr Alles.<\/p>\t\t\t\t\t\t\t\t<\/div>\n\t\t\t\t<\/div>\n\t\t\t\t\t<\/div>\n\t\t\t\t<\/div>\n\t\t\t\t<\/div>\n\t\t","protected":false},"excerpt":{"rendered":"<p>Die Leitung besteht aus Edisa und Luana. Im Zaubergarten gibt es zwei gemischte Kindergruppen im Alter von 3 Monaten bis Ende des Kindergartenalters. Gruppe Zwerge und Zauberer. Edisa Luana Team Zauberer Yanik Silas Yanik ist der Gruppenleiter, und Silas ist [&hellip;]<\/p>\n","protected":false},"author":1,"featured_media":503,"parent":0,"menu_order":0,"comment_status":"closed","ping_status":"closed","template":"","meta":{"footnotes":""},"class_list":["post-473","page","type-page","status-publish","has-post-thumbnail","hentry"],"_links":{"self":[{"href":"https:\/\/www.kinderkrippezaubergarten.ch\/index.php?rest_route=\/wp\/v2\/pages\/473","targetHints":{"allow":["GET"]}}],"collection":[{"href":"https:\/\/www.kinderkrippezaubergarten.ch\/index.php?rest_route=\/wp\/v2\/pages"}],"about":[{"href":"https:\/\/www.kinderkrippezaubergarten.ch\/index.php?rest_route=\/wp\/v2\/types\/page"}],"author":[{"embeddable":true,"href":"https:\/\/www.kinderkrippezaubergarten.ch\/index.php?rest_route=\/wp\/v2\/users\/1"}],"replies":[{"embeddable":true,"href":"https:\/\/www.kinderkrippezaubergarten.ch\/index.php?rest_route=%2Fwp%2Fv2%2Fcomments&post=473"}],"version-history":[{"count":64,"href":"https:\/\/www.kinderkrippezaubergarten.ch\/index.php?rest_route=\/wp\/v2\/pages\/473\/revisions"}],"predecessor-version":[{"id":1116,"href":"https:\/\/www.kinderkrippezaubergarten.ch\/index.php?rest_route=\/wp\/v2\/pages\/473\/revisions\/1116"}],"wp:featuredmedia":[{"embeddable":true,"href":"https:\/\/www.kinderkrippezaubergarten.ch\/index.php?rest_route=\/wp\/v2\/media\/503"}],"wp:attachment":[{"href":"https:\/\/www.kinderkrippezaubergarten.ch\/index.php?rest_route=%2Fwp%2Fv2%2Fmedia&parent=473"}],"curies":[{"name":"wp","href":"https:\/\/api.w.org\/{rel}","templated":true}]}}