{"id":570,"date":"2023-11-17T21:52:46","date_gmt":"2023-11-17T21:52:46","guid":{"rendered":"https:\/\/www.kinderkrippezaubergarten.ch\/?page_id=570"},"modified":"2023-11-19T20:39:28","modified_gmt":"2023-11-19T20:39:28","slug":"ablauf-der-eingewoehnungszeit","status":"publish","type":"page","link":"https:\/\/www.kinderkrippezaubergarten.ch\/?page_id=570","title":{"rendered":"Ablauf der Eingew\u00f6hnungszeit"},"content":{"rendered":"\t\t<div data-elementor-type=\"wp-page\" data-elementor-id=\"570\" class=\"elementor elementor-570\" data-elementor-post-type=\"page\">\n\t\t\t\t<div class=\"elementor-element elementor-element-03bddb6 e-flex e-con-boxed elementor-invisible e-con e-parent\" data-id=\"03bddb6\" data-element_type=\"container\" data-settings=\"{&quot;animation&quot;:&quot;fadeIn&quot;}\">\n\t\t\t\t\t<div class=\"e-con-inner\">\n\t\t\t\t<div class=\"elementor-element elementor-element-b2f8aa6 elementor-widget elementor-widget-text-editor\" data-id=\"b2f8aa6\" data-element_type=\"widget\" data-widget_type=\"text-editor.default\">\n\t\t\t\t<div class=\"elementor-widget-container\">\n\t\t\t\t\t\t\t\t\t<p>Da der \u00dcbergang von der Familie in die Kita f\u00fcr das Kind sowie auch f\u00fcr die Eltern etwas Neues und Unbekanntes ist, liegt es uns am Herzen, dass f\u00fcr die Eingew\u00f6hnungszeit gen\u00fcgend Zeit einberechnet wird.<\/p><p><span style=\"text-align: var(--text-align);\">Die Eingew\u00f6hnungszeit wird in der Regel zwei Wochen vor dem Eintrittsdatum begonnen.<\/span><\/p><p><span style=\"text-align: var(--text-align);\">Die jeweilige Gruppenleiterin von der zuk\u00fcnftigen Gruppe Ihres Kindes, wird sich ca. 1.5 Monate im Voraus bei Ihnen melden, um die Eingew\u00f6hnungsdaten und den ganzen Ablauf zu besprechen, sowie die Daten zu vereinbaren. Uns ist wichtig, dass sich das Kind sowie auch die Eltern wohlf\u00fchlen. Sie als Eltern kennen Ihr Kind am besten und k\u00f6nnen ungef\u00e4hr einsch\u00e4tzen, ob die zwei Wochen als Richtwert reichen. Je nach Bed\u00fcrfnis vom Kind, wird die Eingew\u00f6hnungszeit angepasst.<\/span><\/p><p><span style=\"text-align: var(--text-align);\">Wichtig zu beachten ist, dass das Kind an den Tagen Eingew\u00f6hnen kommt, welches sein Betreuungstag ist \/ seine Betreuungstage sind und dann zus\u00e4tzlich noch an anderen Tagen. Nur einmal in der Woche Eingew\u00f6hnen ist zu wenig, da sich das Kind auf diese Weise nicht an die neue Situation gew\u00f6hnen kann und die Pausen dazwischen zu lange w\u00e4ren.<\/span><\/p><p><span style=\"text-align: var(--text-align);\">Die folgende Reihenfolge ist eine Empfehlung, jedoch werden diese immer situativ und individuell dem Kind und den Eltern angepasst.<\/span><\/p><p><span style=\"text-align: var(--text-align);\">Treffen 1h Eintrittsgespr\u00e4ch (Eltern und Kind) dies dient zum gegenseitigen Kennenlernen und austauschen. Die Gruppenleiterin erz\u00e4hlt \u00fcber den genauen Tagesablauf und \u00fcber unseren allgemeinen Kitaalttag. Anhand unseres Eintrittsdokuments wird die Gruppenleiterin das Gespr\u00e4ch f\u00fchren. Die Eltern informieren die Gruppenleiterin \u00fcber die wesentlichen Informationen des Kindes und haben Zeit offene Fragen und Anliegen anzubringen.<\/span><\/p><p>Treffen 1 \u00bd h das Kind bleibt mit den Eltern gemeinsam da<\/p><p>Treffen 1 \u00bd h alleine ohne Ess- und Schlafsituation, die Eltern bleiben je nach Bed\u00fcrfnis des Kindes noch eine halbe Stunde<\/p><p>Treffen 2 h alleine mit Mittagessen<\/p><p>Treffen 4 h alleine mit Mittagessen, Schlafen \/ Siesta<\/p><p>Treffen 6 h alleine mit Mittagessen, Schlafen \/ Siesta, Zvieri<\/p><p>\u00a0<span style=\"text-align: var(--text-align);\">Die Eingew\u00f6hnung bei den Babys l\u00e4uft mit den Ess- und Schlafsituationen nach den Bed\u00fcrfnissen der Kinder ab.<\/span><\/p><p><span style=\"text-align: var(--text-align);\">Die Eingew\u00f6hnungszeit \u00e0 6 Treffen kostet Pauschal f\u00fcr Kinder bis 18. Monaten 200.- und f\u00fcr die Kinder ab 19. Monaten 150.-. Wenn die Eingew\u00f6hnungszeit l\u00e4nger dauert, wird dies separat verrechnet.<\/span><\/p><p><span style=\"text-align: var(--text-align);\">Sie als Eltern d\u00fcrfen jederzeit anrufen und sich \u00fcber das Befinden Ihres Kindes informieren.<\/span><\/p><p><span style=\"text-align: var(--text-align);\">Hilfreiche Tipps f\u00fcr die Eltern:<\/span><\/p><p><span style=\"text-align: var(--text-align);\">Vor dem Eintritt das Kind auf die Kita vorbereiten.<\/span><\/p><p>Positive Einstellung von den Eltern hilft dem Kind, da es ihm Sicherheit vermittelt.<\/p><p>Dem Kind von Anfang an ein Lieblingstier, Spielzeug oder sonst ein wichtiger Gegenstand mitgeben, dies gibt dem Kind Sicherheit und Unterst\u00fctzt es, wenn es traurig ist.<\/p><p>Wichtig, Sie als Eltern m\u00fcssen w\u00e4hrend der Eingew\u00f6hnung erreichbar sein und innerhalb 15 Minuten in der Kita sein k\u00f6nnen.<\/p><p>Abschied nicht in die L\u00e4nge ziehen, wenn tsch\u00fcss gesagt wurde, sich verabschieden. Es ist wichtig, dass Sie als Eltern sich beim Kind verabschieden und das Kind wahrheitsgetreu informieren, wohin Sie gehen und ihm mitteilen, wann Sie wieder zur\u00fcckkommen.<\/p><p>Bitte rechnen sie gen\u00fcgend Zeit ein um Ihr Kind einzugew\u00f6hnen, falls die zwei Wochen nicht reichen, Zeit einberechnen, damit das Kind nicht gerade Vollzeit kommen muss.<\/p><p>\u00a0<span style=\"text-align: var(--text-align);\">Aller Anfang ist schwer und braucht seine Zeit. Es ist wichtig, dass Sie dem Kind die Zeit geben, welche es auch braucht. Das ist von Kind zu Kind unterschiedlich, jedes Kind reagiert anders auf neue Situationen. Bei Unsicherheit und \u00c4ngsten d\u00fcrfen Sie sich gerne an das Fachpersonal wenden, wir helfen gerne. Zusammen finden wir immer eine gute L\u00f6sung, die f\u00fcr alle Parteien stimmig ist.<\/span><\/p><p><span style=\"text-align: var(--text-align);\">Die Eingew\u00f6hnungszeit ist eine intensive Zeit f\u00fcr alle, jedoch eine wertvolle und sch\u00f6ne Zeit f\u00fcr das gegenseitige Kennenlernen.<\/span><\/p><p>\u00a0<\/p><p>Wir freuen uns auf Sie und Ihr Kind \/ Ihre Kinder.<\/p>\t\t\t\t\t\t\t\t<\/div>\n\t\t\t\t<\/div>\n\t\t\t\t\t<\/div>\n\t\t\t\t<\/div>\n\t\t\t\t<\/div>\n\t\t","protected":false},"excerpt":{"rendered":"<p>Da der \u00dcbergang von der Familie in die Kita f\u00fcr das Kind sowie auch f\u00fcr die Eltern etwas Neues und Unbekanntes ist, liegt es uns am Herzen, dass f\u00fcr die Eingew\u00f6hnungszeit gen\u00fcgend Zeit einberechnet wird. Die Eingew\u00f6hnungszeit wird in der [&hellip;]<\/p>\n","protected":false},"author":1,"featured_media":611,"parent":0,"menu_order":0,"comment_status":"closed","ping_status":"closed","template":"","meta":{"footnotes":""},"class_list":["post-570","page","type-page","status-publish","has-post-thumbnail","hentry"],"_links":{"self":[{"href":"https:\/\/www.kinderkrippezaubergarten.ch\/index.php?rest_route=\/wp\/v2\/pages\/570","targetHints":{"allow":["GET"]}}],"collection":[{"href":"https:\/\/www.kinderkrippezaubergarten.ch\/index.php?rest_route=\/wp\/v2\/pages"}],"about":[{"href":"https:\/\/www.kinderkrippezaubergarten.ch\/index.php?rest_route=\/wp\/v2\/types\/page"}],"author":[{"embeddable":true,"href":"https:\/\/www.kinderkrippezaubergarten.ch\/index.php?rest_route=\/wp\/v2\/users\/1"}],"replies":[{"embeddable":true,"href":"https:\/\/www.kinderkrippezaubergarten.ch\/index.php?rest_route=%2Fwp%2Fv2%2Fcomments&post=570"}],"version-history":[{"count":7,"href":"https:\/\/www.kinderkrippezaubergarten.ch\/index.php?rest_route=\/wp\/v2\/pages\/570\/revisions"}],"predecessor-version":[{"id":750,"href":"https:\/\/www.kinderkrippezaubergarten.ch\/index.php?rest_route=\/wp\/v2\/pages\/570\/revisions\/750"}],"wp:featuredmedia":[{"embeddable":true,"href":"https:\/\/www.kinderkrippezaubergarten.ch\/index.php?rest_route=\/wp\/v2\/media\/611"}],"wp:attachment":[{"href":"https:\/\/www.kinderkrippezaubergarten.ch\/index.php?rest_route=%2Fwp%2Fv2%2Fmedia&parent=570"}],"curies":[{"name":"wp","href":"https:\/\/api.w.org\/{rel}","templated":true}]}}